{"id":738,"date":"2024-10-02T12:55:57","date_gmt":"2024-10-02T10:55:57","guid":{"rendered":"http:\/\/fewoinnerhoferriffian.com.w01f3f63.kasserver.com\/privacy\/"},"modified":"2024-10-03T08:44:12","modified_gmt":"2024-10-03T06:44:12","slug":"privacy","status":"publish","type":"page","link":"https:\/\/fewoinnerhoferriffian.com\/it\/privacy\/","title":{"rendered":"Privacy"},"content":{"rendered":"[vc_row type=&#8221;in_container&#8221; full_screen_row_position=&#8221;middle&#8221; column_margin=&#8221;default&#8221; column_direction=&#8221;default&#8221; column_direction_tablet=&#8221;default&#8221; column_direction_phone=&#8221;default&#8221; scene_position=&#8221;center&#8221; top_padding=&#8221;3%&#8221; constrain_group_1=&#8221;yes&#8221; bottom_padding=&#8221;3%&#8221; text_color=&#8221;dark&#8221; text_align=&#8221;left&#8221; row_border_radius=&#8221;none&#8221; row_border_radius_applies=&#8221;bg&#8221; overflow=&#8221;visible&#8221; overlay_strength=&#8221;0.3&#8243; gradient_direction=&#8221;left_to_right&#8221; shape_divider_position=&#8221;bottom&#8221; bg_image_animation=&#8221;none&#8221; gradient_type=&#8221;default&#8221; shape_type=&#8221;&#8221;][vc_column column_padding=&#8221;no-extra-padding&#8221; column_padding_tablet=&#8221;inherit&#8221; column_padding_phone=&#8221;inherit&#8221; column_padding_position=&#8221;all&#8221; column_element_direction_desktop=&#8221;default&#8221; column_element_spacing=&#8221;default&#8221; desktop_text_alignment=&#8221;default&#8221; tablet_text_alignment=&#8221;default&#8221; phone_text_alignment=&#8221;default&#8221; background_color_opacity=&#8221;1&#8243; background_hover_color_opacity=&#8221;1&#8243; column_backdrop_filter=&#8221;none&#8221; column_shadow=&#8221;none&#8221; column_border_radius=&#8221;none&#8221; column_link_target=&#8221;_self&#8221; column_position=&#8221;default&#8221; gradient_direction=&#8221;left_to_right&#8221; overlay_strength=&#8221;0.3&#8243; width=&#8221;1\/1&#8243; tablet_width_inherit=&#8221;default&#8221; animation_type=&#8221;default&#8221; bg_image_animation=&#8221;none&#8221; border_type=&#8221;simple&#8221; column_border_width=&#8221;none&#8221; column_border_style=&#8221;solid&#8221;][vc_column_text css=&#8221;&#8221; text_direction=&#8221;default&#8221;]\n<h2>Privacy &#8211; Imprint<\/h2>\n[divider line_type=&#8221;no-line&#8221; custom_height=&#8221;30&#8243;]\n<p>Proprietario: Innerhofer Johanna<br \/>\nHohlgasse 9, 39010 Riffian, S\u00fcdtirol, Italien<br \/>\nTelefono: +39 340 995 28 01<br \/>\nE-mail: <a href=\"mailto:info@fewoinnerhoferriffian.com\">info@fewoinnerhoferriffian.com<\/a><br \/>\nPartita iva: 02483230211<\/p>\n<p>Avviso di responsabilit\u00e0 Nonostante l&#8217;attento controllo dei contenuti, non ci assumiamo alcuna responsabilit\u00e0 per il contenuto dei link esterni. Il contenuto delle pagine collegate \u00e8 di esclusiva responsabilit\u00e0 dei rispettivi operatori.<\/p>\n<div id=\"privacy-content-01\">\n<div class=\"text-container\">\n<p><strong>Lettera di illuminamento ai sensi del decreto legislativo del 30\/06\/2003 &#8220;Codice della protezione dei dati&#8221;<\/strong><\/p>\n<p>Ai sensi dell\u2019 art. 13 del D.Lgs n\u00b0 196 del 30 giugno 2003 informiamo che la nostra azienda Ferienwohnungen Innerhofer tratta dati personali di clienti e fornitori e di soggetti che ci comunicano volontariamente (via telefono, fax, e-mail o poste) i loro dati anagrafici, o rispettivamente ci vengono comunicati tramite terzi o rilevati da pubblici elenchi. Il presente trattamento riguarda esclusivamente dati comuni e non sensibili.<\/p>\n<p>La nostra azienda garantisce nell\u2019ambito delle previsioni normative che il trattamento dei dati personali si svolge nel rispetto dei diritti e delle libert\u00e0 fondamentali, nonch\u00e8 della dignit\u00e0 dell\u2019interessato, con particolare riferimento alla riservatezza, all\u2019identit\u00e0 personale e al diritto alla protezione dei dati personali.<strong>Finalit\u00e0 del trattamento:<\/strong><\/p>\n<ul>\n<li>Adempiere agli obblighi di legge, ai regolamenti, alla normativa comunitaria, alle norme civilistiche e fiscali<\/li>\n<li>Adempiere agli eventuali obblighi contrattuali nei confronti dell\u2019interessato<\/li>\n<li>Adempiere ad attivit\u00e0 connesse all\u2019attivit\u00e0 economica della nostra societ\u00e0, come compilazione delle anagrafiche e statistiche interne, per la fatturazione, la tenuta della contabilit\u00e0 clienti\/fornitori<\/li>\n<li>Finalit\u00e0 di tipo commerciale, come invio di informazioni commerciali e materiale pubblicitario (via telefono, fax, e-mail o poste), di marketing e ricerche di mercato<\/li>\n<li>La tutela dei crediti e la gestione dei debiti<\/li>\n<li>Finalit\u00e0 assicurative, in particolare per assicurazioni crediti<\/li>\n<\/ul>\n<p><strong>Ambito di comunicazione e diffusione:<\/strong><\/p>\n<ul>\n<li>Alle Pubbliche Amministrazioni ed Autorit\u00e0, ove previsto dalla legge<\/li>\n<li>Ad istituti di credito, con i quali la nostra azienda ha rapporti per la gestione dei crediti\/debiti e l\u2019intermediazione finanziari<\/li>\n<li>A tutte quelle persone fisiche e\/o giuridiche, pubbliche e\/o private, quando la comunicazione risulta necessaria o funzionale allo svolgimento della nostra attivit\u00e0 e nei modi e per le finalit\u00e0 sopra elencate<\/li>\n<\/ul>\n<p><strong>Ambito di comunicazione e diffusione:<\/strong><\/p>\n<p>Il conferimento dei dati \u00e8 strettamente necessario per l\u2019assolvimento di obblighi contrattuali, contabili e fiscali. L\u2019eventuale non comunicazione, o comunicazione errata, di una delle informazioni obbligatorie, ha come conseguenze ermegenti l\u2019impossibilit\u00e0 del titolare di garantire la congruit\u00e0 del trattamento stesso ai patti contrattuali e la possibile mancata corrispondenza dei risultati del trattamento agli obblighi imposti dalla normativa fiscale, amministrativa o del lavoro.<\/p>\n<p>Il trattamento potr\u00e0 effettuarsi con o senza l\u2019ausilio di mezzi elettronici e comunque automatizzati e comprender\u00e0 tutte le operazioni previste all\u2019art. 4 comma 1, lettera a del D.Lgs n\u00b0 196 del 30 giugno 2003 e necessarie al trattamento in questione. Comunque il trattamento sar\u00e0 effettuato nell\u2019osservanza di ogni misura cautelativa, che ne garantisca la sicurezza e la riservatezza.<\/p>\n<p>I diritti in oggetto possono essere esercitati, anche per il tramite di un incaricato, mediante richiesta rivolta al responsabile del trattamento dei dati: Innerhofer Johanna, Hohlgasse 9, 39010 Riffian, S\u00fcdtirol, Italien per posta raccomandata o e-mail a <a href=\"mailto:info@fewoinnerhoferriffian.com\">info@fewoinnerhoferriffian.com<\/a><\/p>\n<p>Il proprietario del trattamento dei dati \u00e8: Ferienwohnungen Innerhofer nella persona del legale rappresentante Innerhofer Johanna, Hohlgasse 9, 39010 Riffian, S\u00fcdtirol, Italien<\/p>\n<\/div>\n<\/div>\n[\/vc_column_text][\/vc_column][\/vc_row]\n","protected":false},"excerpt":{"rendered":"<p>[vc_row type=&#8221;in_container&#8221; full_screen_row_position=&#8221;middle&#8221; column_margin=&#8221;default&#8221; column_direction=&#8221;default&#8221; column_direction_tablet=&#8221;default&#8221; column_direction_phone=&#8221;default&#8221; scene_position=&#8221;center&#8221; top_padding=&#8221;3%&#8221; constrain_group_1=&#8221;yes&#8221; bottom_padding=&#8221;3%&#8221; text_color=&#8221;dark&#8221; text_align=&#8221;left&#8221; row_border_radius=&#8221;none&#8221; row_border_radius_applies=&#8221;bg&#8221; overflow=&#8221;visible&#8221; overlay_strength=&#8221;0.3&#8243; gradient_direction=&#8221;left_to_right&#8221; shape_divider_position=&#8221;bottom&#8221; bg_image_animation=&#8221;none&#8221; gradient_type=&#8221;default&#8221; shape_type=&#8221;&#8221;][vc_column column_padding=&#8221;no-extra-padding&#8221; column_padding_tablet=&#8221;inherit&#8221; column_padding_phone=&#8221;inherit&#8221; column_padding_position=&#8221;all&#8221; column_element_direction_desktop=&#8221;default&#8221; column_element_spacing=&#8221;default&#8221; desktop_text_alignment=&#8221;default&#8221; tablet_text_alignment=&#8221;default&#8221;&#8230;<\/p>\n","protected":false},"author":3,"featured_media":0,"parent":0,"menu_order":99,"comment_status":"closed","ping_status":"closed","template":"","meta":{"footnotes":""},"class_list":["post-738","page","type-page","status-publish"],"_links":{"self":[{"href":"https:\/\/fewoinnerhoferriffian.com\/it\/wp-json\/wp\/v2\/pages\/738","targetHints":{"allow":["GET"]}}],"collection":[{"href":"https:\/\/fewoinnerhoferriffian.com\/it\/wp-json\/wp\/v2\/pages"}],"about":[{"href":"https:\/\/fewoinnerhoferriffian.com\/it\/wp-json\/wp\/v2\/types\/page"}],"author":[{"embeddable":true,"href":"https:\/\/fewoinnerhoferriffian.com\/it\/wp-json\/wp\/v2\/users\/3"}],"replies":[{"embeddable":true,"href":"https:\/\/fewoinnerhoferriffian.com\/it\/wp-json\/wp\/v2\/comments?post=738"}],"version-history":[{"count":0,"href":"https:\/\/fewoinnerhoferriffian.com\/it\/wp-json\/wp\/v2\/pages\/738\/revisions"}],"wp:attachment":[{"href":"https:\/\/fewoinnerhoferriffian.com\/it\/wp-json\/wp\/v2\/media?parent=738"}],"curies":[{"name":"wp","href":"https:\/\/api.w.org\/{rel}","templated":true}]}}